{"id":1231,"date":"2019-05-29T15:35:21","date_gmt":"2019-05-29T14:35:21","guid":{"rendered":"https:\/\/hosting.umons.ac.be\/php\/dpphys\/?page_id=1231"},"modified":"2019-10-31T10:47:49","modified_gmt":"2019-10-31T09:47:49","slug":"memoires-2019-2020","status":"publish","type":"page","link":"https:\/\/physique.umons.ac.be\/?page_id=1231","title":{"rendered":"M\u00e9moires 2019-2020"},"content":{"rendered":"\n<p><strong>Sujets de m\u00e9moires propos\u00e9s pour l&rsquo;ann\u00e9e 2019-2020.<\/strong><\/p>\n\n\n\n<p><a href=\"https:\/\/hosting.umons.ac.be\/php\/dpphys\/wp-content\/uploads\/2019\/03\/couverture_memoire_projet_2018-2019.pdf\">Mod\u00e8le de couverture pour le m\u00e9moire<\/a><\/p>\n\n\n\n<p><em>Service de Physique Nucl\u00e9aire et Subnucl\u00e9aire<\/em><\/p>\n\n\n\n<ol><li><a href=\"https:\/\/hosting.umons.ac.be\/php\/dpphys\/wp-content\/uploads\/2018\/05\/semay_ma2_2018-2019_1.pdf\">Syst\u00e8mes quantiques \u00e0 trois corps (Claude Semay)<\/a><\/li><li><a href=\"https:\/\/hosting.umons.ac.be\/php\/dpphys\/wp-content\/uploads\/2018\/05\/semay_ma2_2018-2019_2.pdf\">M\u00e9thode de r\u00e9solution \u00e0 D dimensions (Claude Semay)<\/a><\/li><\/ol>\n\n\n\n<p><em>Service de Physique des Mat\u00e9riaux et Optique<\/em><\/p>\n\n\n\n<ol><li><a href=\"https:\/\/hosting.umons.ac.be\/php\/dpphys\/wp-content\/uploads\/2019\/05\/voue_ma2_2019-2020.pdf\">Sujets du service<\/a><\/li><\/ol>\n\n\n\n<p><em>Service de Mat\u00e9riaux Micro et Nanophotoniques<\/em><\/p>\n\n\n\n<ol><li><a href=\"https:\/\/hosting.umons.ac.be\/php\/dpphys\/wp-content\/uploads\/2019\/05\/maes_ma2_2019-2020.pdf\">Sujets du service<\/a><\/li><\/ol>\n\n\n\n<p><em>Service de Physique Biom\u00e9dicale<\/em><\/p>\n\n\n\n<ol><li><a href=\"https:\/\/hosting.umons.ac.be\/php\/dpphys\/wp-content\/uploads\/2019\/05\/gossuin_ma2_2019-2020.pdf\">Sujets du service<\/a><\/li><\/ol>\n\n\n\n<p><em>Service de Physique Atomique et Astrophysique<\/em><\/p>\n\n\n\n<ol><li><a href=\"https:\/\/hosting.umons.ac.be\/php\/dpphys\/wp-content\/uploads\/2019\/06\/quinet_ma2_2019-2020_a.pdf\">Contribution \u00e0 l\u2019\u00e9tude de l\u2019opacit\u00e9 due aux lanthanides lors de la fusion d\u2019\u00e9toiles \u00e0 neutrons (Pascal Quinet)<\/a><\/li><li><a href=\"https:\/\/hosting.umons.ac.be\/php\/dpphys\/wp-content\/uploads\/2019\/06\/quinet_ma2_2019-2020_b.pdf\">Etude des processus d\u2019\u00e9mission radiative dans les ions de rh\u00e9nium faiblement charg\u00e9s issus du bombardement neutronique des parois du r\u00e9acteur ITER (Pascal Quinet)<\/a><\/li><\/ol>\n\n\n\n<p><em>Service de Physique Nucl\u00e9aire et Subnucl\u00e9aire &amp; Service d&rsquo;Electronique et de Micro\u00e9lectronique<\/em><\/p>\n\n\n\n<ol><li><a href=\"https:\/\/physique.umons.ac.be\/wp-content\/uploads\/2019\/06\/daubie_ma2_2019-2020.pdf\">Etude et mod\u00e9lisation des effets des radiations sur les circuits int\u00e9gr\u00e9s (silicium)<\/a><\/li><\/ol>\n\n\n\n<p><em>Service de Physique de l&rsquo;Univers, Champs et Gravitation<\/em><\/p>\n\n\n\n<ol><li><a href=\"https:\/\/physique.umons.ac.be\/wp-content\/uploads\/2019\/09\/boulanger_ma2_2019-2020_1.pdf\">The fluid\/gravity correspondence for two-dimensional fluids (Andrea Campoleoni)<\/a><\/li><li><a href=\"https:\/\/physique.umons.ac.be\/wp-content\/uploads\/2019\/09\/boulanger_ma2_2019-2020_2.pdf\">Twisted duality for massive gravitons in AdS (Nicolas Boulanger; Andrea Campoleoni)<\/a><\/li><li><a href=\"https:\/\/physique.umons.ac.be\/wp-content\/uploads\/2019\/09\/boulanger_ma2_2019-2020_3.pdf\">N=2 Supergravity and Cartan geometry (Jordan Fran\u00e7ois, Nicolas Boulanger)<\/a><\/li><\/ol>\n\n\n\n<p><em>InFluX<\/em><\/p>\n\n\n\n<ol><li><a href=\"https:\/\/physique.umons.ac.be\/wp-content\/uploads\/2019\/10\/damman_ma2_2019-2020.pdf\">Sujets de stage du service<\/a><\/li><\/ol>\n","protected":false},"excerpt":{"rendered":"<p>Sujets de m\u00e9moires propos\u00e9s pour l&rsquo;ann\u00e9e 2019-2020. Mod\u00e8le de couverture pour le m\u00e9moire Service de Physique Nucl\u00e9aire et Subnucl\u00e9aire Syst\u00e8mes quantiques \u00e0 trois corps (Claude Semay) M\u00e9thode de r\u00e9solution \u00e0 D dimensions (Claude Semay) Service de Physique des Mat\u00e9riaux et Optique Sujets du service Service de Mat\u00e9riaux Micro et Nanophotoniques Sujets du service Service de [&hellip;]<\/p>\n","protected":false},"author":1,"featured_media":0,"parent":0,"menu_order":0,"comment_status":"closed","ping_status":"closed","template":"","meta":[],"_links":{"self":[{"href":"https:\/\/physique.umons.ac.be\/index.php?rest_route=\/wp\/v2\/pages\/1231"}],"collection":[{"href":"https:\/\/physique.umons.ac.be\/index.php?rest_route=\/wp\/v2\/pages"}],"about":[{"href":"https:\/\/physique.umons.ac.be\/index.php?rest_route=\/wp\/v2\/types\/page"}],"author":[{"embeddable":true,"href":"https:\/\/physique.umons.ac.be\/index.php?rest_route=\/wp\/v2\/users\/1"}],"replies":[{"embeddable":true,"href":"https:\/\/physique.umons.ac.be\/index.php?rest_route=%2Fwp%2Fv2%2Fcomments&post=1231"}],"version-history":[{"count":13,"href":"https:\/\/physique.umons.ac.be\/index.php?rest_route=\/wp\/v2\/pages\/1231\/revisions"}],"predecessor-version":[{"id":1348,"href":"https:\/\/physique.umons.ac.be\/index.php?rest_route=\/wp\/v2\/pages\/1231\/revisions\/1348"}],"wp:attachment":[{"href":"https:\/\/physique.umons.ac.be\/index.php?rest_route=%2Fwp%2Fv2%2Fmedia&parent=1231"}],"curies":[{"name":"wp","href":"https:\/\/api.w.org\/{rel}","templated":true}]}}